{"id":114,"date":"2016-06-28T11:54:38","date_gmt":"2016-06-28T09:54:38","guid":{"rendered":"http:\/\/plethorathemes.com\/healthflex\/doctor\/?page_id=114"},"modified":"2024-06-05T08:31:20","modified_gmt":"2024-06-05T08:31:20","slug":"randevu","status":"publish","type":"page","link":"https:\/\/www.yetisisildar.com\/anasayfa\/randevu\/","title":{"rendered":"Randevu Al"},"content":{"rendered":"<div class=\"wpb-content-wrapper\"><p>[vc_row][vc_column width=&#8221;2\/3&#8243;][vc_text_separator title=&#8221;Randevu Talep Formu&#8221; title_align=&#8221;separator_align_left&#8221;]<div class=\"wpforms-container wpforms-container-full\" id=\"wpforms-226\"><form id=\"wpforms-form-226\" class=\"wpforms-validate wpforms-form wpforms-ajax-form\" data-formid=\"226\" method=\"post\" enctype=\"multipart\/form-data\" action=\"\/anasayfa\/wp-json\/wp\/v2\/pages\/114\" data-token=\"f6175dd8ae3a436c362b4823edddae7b\" data-token-time=\"1778602647\"><noscript class=\"wpforms-error-noscript\">Bu formu bitirebilmek i\u00e7in taray\u0131c\u0131n\u0131zda JavaScript&#039;i etkinle\u015ftirin.<\/noscript><div class=\"wpforms-field-container\"><div id=\"wpforms-226-field_0-container\" class=\"wpforms-field wpforms-field-name\" data-field-id=\"0\"><label class=\"wpforms-field-label\" for=\"wpforms-226-field_0\">Tam Ad\u0131n\u0131z <span class=\"wpforms-required-label\">*<\/span><\/label><div class=\"wpforms-field-row wpforms-field-medium\"><div class=\"wpforms-field-row-block wpforms-first wpforms-one-half\"><input type=\"text\" id=\"wpforms-226-field_0\" class=\"wpforms-field-name-first wpforms-field-required\" name=\"wpforms[fields][0][first]\" placeholder=\"Ad\u0131n\u0131z\" required><label for=\"wpforms-226-field_0\" class=\"wpforms-field-sublabel after wpforms-sublabel-hide\">Ad<\/label><\/div><div class=\"wpforms-field-row-block wpforms-one-half\"><input type=\"text\" id=\"wpforms-226-field_0-last\" class=\"wpforms-field-name-last wpforms-field-required\" name=\"wpforms[fields][0][last]\" placeholder=\"Soyad\u0131n\u0131z\" required><label for=\"wpforms-226-field_0-last\" class=\"wpforms-field-sublabel after wpforms-sublabel-hide\">Soyad<\/label><\/div><\/div><\/div><div id=\"wpforms-226-field_1-container\" class=\"wpforms-field wpforms-field-email\" data-field-id=\"1\"><label class=\"wpforms-field-label\" for=\"wpforms-226-field_1\">E-Posta Adresiniz <span class=\"wpforms-required-label\">*<\/span><\/label><input type=\"email\" id=\"wpforms-226-field_1\" class=\"wpforms-field-medium wpforms-field-required\" name=\"wpforms[fields][1]\" placeholder=\"E-Posta Adresiniz\" spellcheck=\"false\" required><\/div><div id=\"wpforms-226-field_6-container\" class=\"wpforms-field wpforms-field-text\" data-field-id=\"6\"><label class=\"wpforms-field-label\" for=\"wpforms-226-field_6\">Telefon Numaran\u0131z <span class=\"wpforms-required-label\">*<\/span><\/label><input type=\"text\" id=\"wpforms-226-field_6\" class=\"wpforms-field-medium wpforms-field-required wpforms-masked-input\" data-rule-inputmask-incomplete=\"1\" data-inputmask-mask=\"+90 (999)-999-9999\" name=\"wpforms[fields][6]\" required><\/div><div id=\"wpforms-226-field_3-container\" class=\"wpforms-field wpforms-field-select wpforms-field-select-style-classic\" data-field-id=\"3\"><label class=\"wpforms-field-label\" for=\"wpforms-226-field_3\">Randevu Sebebiniz <span class=\"wpforms-required-label\">*<\/span><\/label><select id=\"wpforms-226-field_3\" class=\"wpforms-field-medium wpforms-field-required\" name=\"wpforms[fields][3]\" required=\"required\"><option value=\"Genel Muayene\"  selected='selected' class=\"choice-1 depth-1\"  >Genel Muayene<\/option><option value=\"Dikkat Eksikli\u011fi\"  class=\"choice-2 depth-1\"  >Dikkat Eksikli\u011fi<\/option><option value=\"Otizm Spekturum Bozuklu\u011fu\"  class=\"choice-3 depth-1\"  >Otizm Spekturum Bozuklu\u011fu<\/option><option value=\"Hiperaktivite\"  class=\"choice-4 depth-1\"  >Hiperaktivite<\/option><\/select><\/div><div id=\"wpforms-226-field_2-container\" class=\"wpforms-field wpforms-field-textarea\" data-field-id=\"2\"><label class=\"wpforms-field-label\" for=\"wpforms-226-field_2\">Mesaj\u0131n\u0131z <span class=\"wpforms-required-label\">*<\/span><\/label><textarea id=\"wpforms-226-field_2\" class=\"wpforms-field-medium wpforms-field-required\" name=\"wpforms[fields][2]\" placeholder=\"Mesaj\u0131n\u0131z...\" required><\/textarea><\/div><\/div><!-- .wpforms-field-container --><div class=\"wpforms-recaptcha-container wpforms-is-recaptcha wpforms-is-recaptcha-type-v3\" ><input type=\"hidden\" name=\"wpforms[recaptcha]\" value=\"\"><\/div><div class=\"wpforms-submit-container\" ><input type=\"hidden\" name=\"wpforms[id]\" value=\"226\"><input type=\"hidden\" name=\"page_title\" value=\"\"><input type=\"hidden\" name=\"page_url\" value=\"https:\/\/www.yetisisildar.com\/anasayfa\/wp-json\/wp\/v2\/pages\/114\"><input type=\"hidden\" name=\"url_referer\" value=\"\"><button type=\"submit\" name=\"wpforms[submit]\" id=\"wpforms-submit-226\" class=\"wpforms-submit\" data-alt-text=\"G\u00f6nderiliyor...\" data-submit-text=\"G\u00f6nder\" aria-live=\"assertive\" value=\"wpforms-submit\">G\u00f6nder<\/button><img loading=\"lazy\" decoding=\"async\" src=\"https:\/\/www.yetisisildar.com\/anasayfa\/wp-content\/plugins\/wpforms-lite\/assets\/images\/submit-spin.svg\" class=\"wpforms-submit-spinner\" style=\"display: none;\" width=\"26\" height=\"26\" alt=\"Y\u00fckleniyor\"><\/div><\/form><\/div>  <!-- .wpforms-container -->[\/vc_column][vc_column width=&#8221;1\/3&#8243;]<!-- ========================== TEASER BOX ==========================-->\n<div class=\"teaser_box wpb_content_element text-left      with_button    \">\n\n  <div class=\"figure skincolored_section\">\n\n\n\n        \n         <div class=\"figure skincolored_section stretchy_wrapper ratio_1-1\" style=\"background-image:url('https:\/\/www.yetisisildar.com\/anasayfa\/wp-content\/uploads\/2021\/10\/randevu_1280.jpg')\"><\/div> \n        \n          \n\n        \n\n\n  <\/div>\n\n\n\n\n<\/div>\n\n<!-- END======================= TEASER BOX ==========================-->[\/vc_column][\/vc_row]<\/p>\n<\/div>","protected":false},"excerpt":{"rendered":"<p>[vc_row][vc_column width=&#8221;2\/3&#8243;][vc_text_separator title=&#8221;Randevu Talep Formu&#8221; title_align=&#8221;separator_align_left&#8221;][\/vc_column][vc_column width=&#8221;1\/3&#8243;][\/vc_column][\/vc_row]<\/p>\n","protected":false},"author":1,"featured_media":0,"parent":0,"menu_order":0,"comment_status":"closed","ping_status":"closed","template":"","meta":{"pagelayer_contact_templates":[],"_pagelayer_content":"","footnotes":""},"class_list":["post-114","page","type-page","status-publish","hentry"],"yoast_head":"<!-- This site is optimized with the Yoast SEO plugin v27.6 - https:\/\/yoast.com\/product\/yoast-seo-wordpress\/ -->\n<title>Randevu Al - Uzm. Dr. Yeti\u015f I\u015eILDAR<\/title>\n<meta name=\"robots\" content=\"index, follow, max-snippet:-1, max-image-preview:large, max-video-preview:-1\" \/>\n<link rel=\"canonical\" href=\"https:\/\/www.yetisisildar.com\/anasayfa\/randevu\/\" \/>\n<meta property=\"og:locale\" content=\"tr_TR\" \/>\n<meta property=\"og:type\" content=\"article\" \/>\n<meta property=\"og:title\" content=\"Randevu Al - Uzm. Dr. Yeti\u015f I\u015eILDAR\" \/>\n<meta property=\"og:description\" content=\"[vc_row][vc_column width=&#8221;2\/3&#8243;][vc_text_separator title=&#8221;Randevu Talep Formu&#8221; title_align=&#8221;separator_align_left&#8221;][\/vc_column][vc_column width=&#8221;1\/3&#8243;][\/vc_column][\/vc_row]\" \/>\n<meta property=\"og:url\" content=\"https:\/\/www.yetisisildar.com\/anasayfa\/randevu\/\" \/>\n<meta property=\"og:site_name\" content=\"Uzm. Dr. Yeti\u015f I\u015eILDAR\" \/>\n<meta property=\"article:modified_time\" content=\"2024-06-05T08:31:20+00:00\" \/>\n<meta name=\"twitter:card\" content=\"summary_large_image\" \/>\n<script type=\"application\/ld+json\" class=\"yoast-schema-graph\">{\"@context\":\"https:\\\/\\\/schema.org\",\"@graph\":[{\"@type\":\"WebPage\",\"@id\":\"https:\\\/\\\/www.yetisisildar.com\\\/anasayfa\\\/randevu\\\/\",\"url\":\"https:\\\/\\\/www.yetisisildar.com\\\/anasayfa\\\/randevu\\\/\",\"name\":\"Randevu Al - Uzm. Dr. Yeti\u015f I\u015eILDAR\",\"isPartOf\":{\"@id\":\"https:\\\/\\\/www.yetisisildar.com\\\/anasayfa\\\/#website\"},\"datePublished\":\"2016-06-28T09:54:38+00:00\",\"dateModified\":\"2024-06-05T08:31:20+00:00\",\"breadcrumb\":{\"@id\":\"https:\\\/\\\/www.yetisisildar.com\\\/anasayfa\\\/randevu\\\/#breadcrumb\"},\"inLanguage\":\"tr\",\"potentialAction\":[{\"@type\":\"ReadAction\",\"target\":[\"https:\\\/\\\/www.yetisisildar.com\\\/anasayfa\\\/randevu\\\/\"]}]},{\"@type\":\"BreadcrumbList\",\"@id\":\"https:\\\/\\\/www.yetisisildar.com\\\/anasayfa\\\/randevu\\\/#breadcrumb\",\"itemListElement\":[{\"@type\":\"ListItem\",\"position\":1,\"name\":\"Anasayfa\",\"item\":\"https:\\\/\\\/www.yetisisildar.com\\\/anasayfa\\\/\"},{\"@type\":\"ListItem\",\"position\":2,\"name\":\"Randevu Al\"}]},{\"@type\":\"WebSite\",\"@id\":\"https:\\\/\\\/www.yetisisildar.com\\\/anasayfa\\\/#website\",\"url\":\"https:\\\/\\\/www.yetisisildar.com\\\/anasayfa\\\/\",\"name\":\"Uzm. Dr. Yeti\u015f I\u015eILDAR\",\"description\":\"\u00c7ocuk ve Ergen Psikiyatri Uzman\u0131\",\"publisher\":{\"@id\":\"https:\\\/\\\/www.yetisisildar.com\\\/anasayfa\\\/#\\\/schema\\\/person\\\/7eb6bd5feee14081cfcea41421d67bff\"},\"potentialAction\":[{\"@type\":\"SearchAction\",\"target\":{\"@type\":\"EntryPoint\",\"urlTemplate\":\"https:\\\/\\\/www.yetisisildar.com\\\/anasayfa\\\/?s={search_term_string}\"},\"query-input\":{\"@type\":\"PropertyValueSpecification\",\"valueRequired\":true,\"valueName\":\"search_term_string\"}}],\"inLanguage\":\"tr\"},{\"@type\":[\"Person\",\"Organization\"],\"@id\":\"https:\\\/\\\/www.yetisisildar.com\\\/anasayfa\\\/#\\\/schema\\\/person\\\/7eb6bd5feee14081cfcea41421d67bff\",\"name\":\"Yeti\u015f I\u015eILDAR\",\"image\":{\"@type\":\"ImageObject\",\"inLanguage\":\"tr\",\"@id\":\"https:\\\/\\\/secure.gravatar.com\\\/avatar\\\/88bd967da00669278c21cf95ff252b35a70c54e16c58255fd105ac580ac8c721?s=96&d=mm&r=g\",\"url\":\"https:\\\/\\\/secure.gravatar.com\\\/avatar\\\/88bd967da00669278c21cf95ff252b35a70c54e16c58255fd105ac580ac8c721?s=96&d=mm&r=g\",\"contentUrl\":\"https:\\\/\\\/secure.gravatar.com\\\/avatar\\\/88bd967da00669278c21cf95ff252b35a70c54e16c58255fd105ac580ac8c721?s=96&d=mm&r=g\",\"caption\":\"Yeti\u015f I\u015eILDAR\"},\"logo\":{\"@id\":\"https:\\\/\\\/secure.gravatar.com\\\/avatar\\\/88bd967da00669278c21cf95ff252b35a70c54e16c58255fd105ac580ac8c721?s=96&d=mm&r=g\"}}]}<\/script>\n<!-- \/ Yoast SEO plugin. -->","yoast_head_json":{"title":"Randevu Al - Uzm. Dr. Yeti\u015f I\u015eILDAR","robots":{"index":"index","follow":"follow","max-snippet":"max-snippet:-1","max-image-preview":"max-image-preview:large","max-video-preview":"max-video-preview:-1"},"canonical":"https:\/\/www.yetisisildar.com\/anasayfa\/randevu\/","og_locale":"tr_TR","og_type":"article","og_title":"Randevu Al - Uzm. Dr. Yeti\u015f I\u015eILDAR","og_description":"[vc_row][vc_column width=&#8221;2\/3&#8243;][vc_text_separator title=&#8221;Randevu Talep Formu&#8221; title_align=&#8221;separator_align_left&#8221;][\/vc_column][vc_column width=&#8221;1\/3&#8243;][\/vc_column][\/vc_row]","og_url":"https:\/\/www.yetisisildar.com\/anasayfa\/randevu\/","og_site_name":"Uzm. Dr. Yeti\u015f I\u015eILDAR","article_modified_time":"2024-06-05T08:31:20+00:00","twitter_card":"summary_large_image","schema":{"@context":"https:\/\/schema.org","@graph":[{"@type":"WebPage","@id":"https:\/\/www.yetisisildar.com\/anasayfa\/randevu\/","url":"https:\/\/www.yetisisildar.com\/anasayfa\/randevu\/","name":"Randevu Al - Uzm. Dr. Yeti\u015f I\u015eILDAR","isPartOf":{"@id":"https:\/\/www.yetisisildar.com\/anasayfa\/#website"},"datePublished":"2016-06-28T09:54:38+00:00","dateModified":"2024-06-05T08:31:20+00:00","breadcrumb":{"@id":"https:\/\/www.yetisisildar.com\/anasayfa\/randevu\/#breadcrumb"},"inLanguage":"tr","potentialAction":[{"@type":"ReadAction","target":["https:\/\/www.yetisisildar.com\/anasayfa\/randevu\/"]}]},{"@type":"BreadcrumbList","@id":"https:\/\/www.yetisisildar.com\/anasayfa\/randevu\/#breadcrumb","itemListElement":[{"@type":"ListItem","position":1,"name":"Anasayfa","item":"https:\/\/www.yetisisildar.com\/anasayfa\/"},{"@type":"ListItem","position":2,"name":"Randevu Al"}]},{"@type":"WebSite","@id":"https:\/\/www.yetisisildar.com\/anasayfa\/#website","url":"https:\/\/www.yetisisildar.com\/anasayfa\/","name":"Uzm. Dr. Yeti\u015f I\u015eILDAR","description":"\u00c7ocuk ve Ergen Psikiyatri Uzman\u0131","publisher":{"@id":"https:\/\/www.yetisisildar.com\/anasayfa\/#\/schema\/person\/7eb6bd5feee14081cfcea41421d67bff"},"potentialAction":[{"@type":"SearchAction","target":{"@type":"EntryPoint","urlTemplate":"https:\/\/www.yetisisildar.com\/anasayfa\/?s={search_term_string}"},"query-input":{"@type":"PropertyValueSpecification","valueRequired":true,"valueName":"search_term_string"}}],"inLanguage":"tr"},{"@type":["Person","Organization"],"@id":"https:\/\/www.yetisisildar.com\/anasayfa\/#\/schema\/person\/7eb6bd5feee14081cfcea41421d67bff","name":"Yeti\u015f I\u015eILDAR","image":{"@type":"ImageObject","inLanguage":"tr","@id":"https:\/\/secure.gravatar.com\/avatar\/88bd967da00669278c21cf95ff252b35a70c54e16c58255fd105ac580ac8c721?s=96&d=mm&r=g","url":"https:\/\/secure.gravatar.com\/avatar\/88bd967da00669278c21cf95ff252b35a70c54e16c58255fd105ac580ac8c721?s=96&d=mm&r=g","contentUrl":"https:\/\/secure.gravatar.com\/avatar\/88bd967da00669278c21cf95ff252b35a70c54e16c58255fd105ac580ac8c721?s=96&d=mm&r=g","caption":"Yeti\u015f I\u015eILDAR"},"logo":{"@id":"https:\/\/secure.gravatar.com\/avatar\/88bd967da00669278c21cf95ff252b35a70c54e16c58255fd105ac580ac8c721?s=96&d=mm&r=g"}}]}},"_links":{"self":[{"href":"https:\/\/www.yetisisildar.com\/anasayfa\/wp-json\/wp\/v2\/pages\/114","targetHints":{"allow":["GET"]}}],"collection":[{"href":"https:\/\/www.yetisisildar.com\/anasayfa\/wp-json\/wp\/v2\/pages"}],"about":[{"href":"https:\/\/www.yetisisildar.com\/anasayfa\/wp-json\/wp\/v2\/types\/page"}],"author":[{"embeddable":true,"href":"https:\/\/www.yetisisildar.com\/anasayfa\/wp-json\/wp\/v2\/users\/1"}],"replies":[{"embeddable":true,"href":"https:\/\/www.yetisisildar.com\/anasayfa\/wp-json\/wp\/v2\/comments?post=114"}],"version-history":[{"count":15,"href":"https:\/\/www.yetisisildar.com\/anasayfa\/wp-json\/wp\/v2\/pages\/114\/revisions"}],"predecessor-version":[{"id":309,"href":"https:\/\/www.yetisisildar.com\/anasayfa\/wp-json\/wp\/v2\/pages\/114\/revisions\/309"}],"wp:attachment":[{"href":"https:\/\/www.yetisisildar.com\/anasayfa\/wp-json\/wp\/v2\/media?parent=114"}],"curies":[{"name":"wp","href":"https:\/\/api.w.org\/{rel}","templated":true}]}}